{"id":3507,"date":"2025-03-17T13:02:22","date_gmt":"2025-03-17T10:02:22","guid":{"rendered":"https:\/\/taxtalib.uz\/?page_id=3507"},"modified":"2025-03-20T07:49:01","modified_gmt":"2025-03-20T04:49:01","slug":"hujjetlerdi-raqamlastiriw-ushin-qabillaw-shartleri","status":"publish","type":"page","link":"https:\/\/taxtalib.uz\/uz\/hujjetlerdi-raqamlastiriw-ushin-qabillaw-shartleri\/","title":{"rendered":"(\u049a\u0430\u0440\u0430\u049b\u0430\u043b\u043f\u0430\u049b\u0448\u0430) H\u00fajjetlerdi raqamlast\u0131r\u0131w ush\u0131n qab\u0131llaw sh\u00e1rtleri"},"content":{"rendered":"<p class=\"qtranxs-available-languages-message qtranxs-available-languages-message-uz\">Kechirasiz, bu matn faqat <a href=\"https:\/\/taxtalib.uz\/qq\/wp-json\/wp\/v2\/pages\/3507\" class=\"qtranxs-available-language-link qtranxs-available-language-link-qq\" title=\"\u049a\u0430\u0440\u0430\u049b\u0430\u043b\u043f\u0430\u049b\u0448\u0430\">\u049a\u0430\u0440\u0430\u049b\u0430\u043b\u043f\u0430\u049b\u0448\u0430<\/a> tilida mavjud<\/p>","protected":false},"excerpt":{"rendered":"<p>Kechirasiz, bu matn faqat \u049a\u0430\u0440\u0430\u049b\u0430\u043b\u043f\u0430\u049b\u0448\u0430 tilida mavjud<\/p>\n","protected":false},"author":1,"featured_media":3470,"parent":0,"menu_order":0,"comment_status":"closed","ping_status":"closed","template":"","meta":{"footnotes":""},"class_list":["post-3507","page","type-page","status-publish","has-post-thumbnail","hentry"],"_links":{"self":[{"href":"https:\/\/taxtalib.uz\/uz\/wp-json\/wp\/v2\/pages\/3507","targetHints":{"allow":["GET"]}}],"collection":[{"href":"https:\/\/taxtalib.uz\/uz\/wp-json\/wp\/v2\/pages"}],"about":[{"href":"https:\/\/taxtalib.uz\/uz\/wp-json\/wp\/v2\/types\/page"}],"author":[{"embeddable":true,"href":"https:\/\/taxtalib.uz\/uz\/wp-json\/wp\/v2\/users\/1"}],"replies":[{"embeddable":true,"href":"https:\/\/taxtalib.uz\/uz\/wp-json\/wp\/v2\/comments?post=3507"}],"version-history":[{"count":2,"href":"https:\/\/taxtalib.uz\/uz\/wp-json\/wp\/v2\/pages\/3507\/revisions"}],"predecessor-version":[{"id":3617,"href":"https:\/\/taxtalib.uz\/uz\/wp-json\/wp\/v2\/pages\/3507\/revisions\/3617"}],"wp:featuredmedia":[{"embeddable":true,"href":"https:\/\/taxtalib.uz\/uz\/wp-json\/wp\/v2\/media\/3470"}],"wp:attachment":[{"href":"https:\/\/taxtalib.uz\/uz\/wp-json\/wp\/v2\/media?parent=3507"}],"curies":[{"name":"wp","href":"https:\/\/api.w.org\/{rel}","templated":true}]}}