{"id":1370,"date":"2023-06-23T08:59:44","date_gmt":"2023-06-23T05:59:44","guid":{"rendered":"https:\/\/kungirottakm.uz\/?page_id=1370"},"modified":"2024-11-14T09:15:53","modified_gmt":"2024-11-14T06:15:53","slug":"kitapxanadan-paydalaniw","status":"publish","type":"page","link":"https:\/\/taxtalib.uz\/uz\/kitapxanadan-paydalaniw\/","title":{"rendered":"Kutubxonadan foydalanish"},"content":{"rendered":"<p>Ppaydalan\u0131w qa\u01f5\u0131ydas\u0131<\/p>\n<p>I. Ul\u0131wma qa\u01f5\u0131ydalar<br \/>\n1. 1. Qaraqalpaqstan Respublikas\u0131 Qara\u00f3zek rayon\u0131 M\u00e1limleme-kitapxana oray\u0131 (keyingi tekstte &#8211; Oray) demokratiyal\u0131q adamgershilik, ul\u0131wma insan\u0131yl\u0131q q\u00e1diriyatlard\u0131\u0144 \u00fastinligi, puqaral\u0131l\u0131q, shaxst\u0131\u0144 erkin k\u00e1mal tab\u0131w principler\u0131 tiykar\u0131nda jum\u0131s al\u0131p barad\u0131.<br \/>\n1. 2. Oray paydalan\u0131wsh\u0131lar\u01f5a tiykar\u01f5\u0131 m\u00e1limleme-kitapxana x\u0131zmetlerin biypul, ay\u0131r\u0131m qos\u0131msha m\u00e1limleme -kitapxana x\u0131zmetlerin tast\u0131y\u0131qlan\u01f5an \u201cPull\u0131q x\u0131zmet k\u00f3rsetiw preyskurant\u0131\u201dna tiykarlan\u0131p \u00e1melge as\u0131rad\u0131.<br \/>\n1. 3. Kitapxana garderob\u0131nda \u00falken k\u00f3lemdegi buy\u0131mlar, \u00f3rt ja\u01f5day\u0131na sebep bol\u0131wsh\u0131 buy\u0131mlar, q\u0131mbat bahal\u0131 buy\u0131m h\u00e1m pullar waqt\u0131nshal\u0131q saqlaw ush\u0131n da qald\u0131r\u0131lmayd\u0131. Kitapxana garderobda qald\u0131r\u0131l\u01f5an q\u0131mbat bahal\u0131 buy\u0131m h\u00e1m pullar ush\u0131n juwapker esaplanbayd\u0131.<br \/>\nII. M\u00e1limleme-kitapxana oray\u0131n\u0131\u0144 tiykar\u01f5\u0131 waz\u0131ypalar\u0131<br \/>\n2. 1. Tariyx\u0131y h\u00e1m m\u00e1deniy esteliklerdi qor\u01f5aw h\u00e1m olardan paydalan\u0131w tuwr\u0131s\u0131nda\u01f5\u0131 n\u0131zam h\u00fajjetleri, kitaplar h\u00e1m basqa materiallard\u0131\u0144 saqlan\u0131w\u0131n t\u00e1miyinlew haqq\u0131nda\u01f5\u0131 qa\u01f5\u0131ydalar\u01f5a muwap\u0131q M\u00e1limleme-kitapxana fondlar\u0131nda\u01f5\u0131 h\u00fajjetler h\u00e1m materiallard\u0131 esapqa al\u0131w, saqlaw h\u00e1m olardan paydalan\u0131w\u01f5a m\u00famkinshilik jarat\u0131w.<br \/>\n2. 2. Universal M\u00e1limleme-resurslar\u0131, milliy h\u00e1m shet el baspa audiovizual elektron baspalar fond\u0131n q\u00e1liplestiriw, saqlaw h\u00e1m ash\u0131p beriw.<br \/>\n2. 3. Paydalan\u0131wsh\u0131lar soraw\u0131na tiykarlan\u0131p basqa m\u00e1limleme-kitapxana m\u00e1kemeleri, sonday-aq shet el kitapxanalar\u0131nda bar bol\u01f5an m\u00e1limleme-kitapxana h\u00fajjetler h\u00e1m basqa h\u00fajjetlerdi al\u0131w m\u00famkinshiligin jarat\u0131w.<br \/>\n2. 4. Ma\u01f5l\u0131wmat \u00f3nimlerin jarat\u0131w h\u00e1m olard\u0131 aymaqlarda\u01f5\u0131 basqa m\u00e1limleme-kitapxana m\u00e1kemelerine paydalan\u0131w ush\u0131n us\u0131n\u0131s etip bar\u0131w.<br \/>\nIII. Paydalan\u0131wsh\u0131lard\u0131\u0144 oraydan paydalan\u0131w huq\u0131q\u0131<br \/>\n3. 1. Oray paydalan\u0131wsh\u0131s\u0131 &#8211; m\u00e1limleme-kitapxana x\u0131zmetlerinen paydalan\u0131wsh\u0131 fizikal\u0131q h\u00e1m yuridikal\u0131q shaxs.<br \/>\n3. 2. MKO na a\u01f5za bol\u0131w ush\u0131n paydalan\u0131wsh\u0131lar shaxs\u0131n tast\u0131y\u0131qlaytu\u01f5\u0131n h\u00fajjet &#8211; pasport\u0131, er etpegen paydalan\u0131wsh\u0131lar bolsa tuw\u0131l\u01f5anl\u0131q haqq\u0131nda guwal\u0131q h\u00e1m ata-analar yamasa q\u00e1wenderlerdi\u0144 pasport\u0131n us\u0131n\u0131w\u0131 z\u00e1r\u00far. Kitapxanadan paydalan\u0131wda Oray jaylasqan aymaqta turaql\u0131 dizimnen \u00f3tkenligi yamasa basqa aymaqta jasaw\u0131 kitapxanadan paydalan\u0131w\u0131na tosq\u0131nl\u0131q etpeydi. MKO na a\u01f5za bol\u0131w Oray t\u00e1repinen tast\u0131y\u0131qlan\u01f5an \u201cPull\u0131 x\u0131zmet k\u00f3rsetiw preyskurant\u0131\u201dna tiykarlan\u0131p \u00e1melge as\u0131r\u0131lad\u0131.<br \/>\n3. 3. S\u0131rt el puqaralar\u0131na waqt\u0131nshal\u0131q kitapxanadan paydalan\u0131w huq\u0131q\u0131 shaxs\u0131n tast\u0131y\u0131qlaytu\u01f5\u0131n h\u00fajjet (pasport yamasa on\u0131\u0144 orn\u0131n basa alatu\u01f5\u0131n h\u00fajjet) tiykar\u0131nda beriledi.<br \/>\n3. 4. Paydalan\u0131wsh\u0131lar kitapxana x\u0131zmetlerinen paydalan\u0131wda h\u00e1m kitapxanalard\u0131 ta\u0144lawda erkin ta\u0144law huq\u0131q\u0131na iye esaplanad\u0131.<br \/>\n3. 5. Kitapxana paydalan\u0131wsh\u0131s\u0131n\u0131\u0144 huq\u0131qlar\u0131 :<br \/>\n3. 5. 1. Paydalan\u0131wsh\u0131 h\u00e1r qanday kitapxanadan m\u00e1limleme-kitapxana fond\u0131nda \u00e1meldegi h\u00fajjetlerden biypul paydalan\u0131w ;<br \/>\n3. 5. 2. Bibliografik, m\u00e1limleme-kitapxana x\u0131zmetinen h\u00e1m de Oray t\u00e1repinen k\u00f3rsetiletu\u01f5\u0131n x\u0131zmetlerdi\u0144 basqa t\u00farlerinen paydalan\u0131w ;<br \/>\n3. 5. 3. Paydalan\u0131wsh\u0131 m\u00e1limleme-kitapxana fond\u0131n jar\u0131t\u0131wsh\u0131 kataloglar h\u00e1m basqa ma\u01f5l\u0131wmat beriw formalar\u0131 arqal\u0131 ma\u01f5l\u0131wmat al\u0131w ;<br \/>\n3. 5. 4. Paydalan\u0131wsh\u0131lar \u00f3zlerine kerekli ma\u01f5l\u0131wmatt\u0131 izlewde kitapxana q\u00e1nigesinen biypul m\u00e1slah\u00e1tlar al\u0131w ;<br \/>\n3. 5. 5. M\u00e1limleme -kitapxana fond\u0131ndag\u0131 h\u00e1r qanday h\u00fajjetten waqt\u0131nshal\u0131q paydalan\u0131w ;<br \/>\n3. 5. 6. Kitapxanalar aral\u0131q abonement arqal\u0131 h\u00fajjetlerge buy\u0131rtpa beriw, paydalan\u0131w h\u00e1m de olard\u0131\u0144 m\u00e1lim b\u00f3leginen belgilengen n\u0131zam she\u0144berinde nusqa al\u0131w ;<br \/>\n3. 5. 7. Orayd\u0131\u0144 joqar\u0131 tur\u0131wsh\u0131 sh\u00f3lkemi t\u00e1repinen tast\u0131y\u0131qlan\u01f5an pull\u0131q x\u0131zmetler preyskurant\u0131nda belgilengen x\u0131zmetlerden paydalan\u0131w ;<br \/>\n3. 5. 8. Oq\u0131w zallar\u0131nda bir waq\u0131tt\u0131\u0144 \u00f3zinde 5 dana\u01f5a shekem kerekli \u00e1debiyatlar\u01f5a buy\u0131rtpa beriw (k\u00fan dawam\u0131nda \u00e1debiyat\/h\u00fajjetlerden paydalan\u0131w san\u0131 shegaralanba\u01f5an );<br \/>\n3. 5. 9. Paydalan\u0131wsh\u0131n\u0131\u0144 talab\u0131 h\u00e1m \u0131qt\u0131yar\u0131na bola kitapxana ayma\u01f5\u0131nan m\u00e1limleme-kitapxana h\u00fajjetlerin paydalan\u0131w ush\u0131n waqt\u0131nshal\u0131q al\u0131p sh\u0131\u01f5\u0131w (\u00e1debiyat\/hujjetlerdi beriw san\u0131 5-10 dana\u01f5a shekem, \u00e1debiyat\/hujjetlerdi qaytar\u0131w m\u00faddeti al\u0131p ketilgen s\u00e1neden baslap 10 k\u00fan);<br \/>\n3. 5. 10. Paydalan\u0131wsh\u0131lar t\u00e1repinen \u00fayge berilgen \u00e1debiyat\/hujjetlerge soraw talab\u0131 kem bol\u01f5an t\u00e1\u01f5dirde, kitapxana imarat\u0131nan s\u0131rtta paydalan\u0131w ush\u0131n bir k\u00fannen k\u00f3p bolma\u01f5an m\u00faddetke uzayt\u0131w ;<br \/>\n3. 5. 11. Paydalan\u0131wsh\u0131lar\u01f5a oray fond\u0131nda\u01f5\u0131 enciklopediyalar, s\u00f3zlikler, kem ushraytu\u01f5\u0131n, bir nusqada\u01f5\u0131 qol jazbalar h\u00e1m \u00e1debiyatlar, d\u00e1wirli baspalard\u0131 kitapxana t\u0131sqar\u0131s\u0131na al\u0131p sh\u0131\u01f5\u0131w qada\u01f5an etiledi.<br \/>\n3. 5. 12. Oq\u0131w zallar\u0131nda\u01f5\u0131 \u00e1meldegi kompyuter \u00faskenelerinen paydalan\u0131w ;<br \/>\n3. 5. 13. Paydalan\u0131wsh\u0131 oray iskerligin rawajlan\u0131w\u0131na tiyisli t\u0131yanaql\u0131 us\u0131n\u0131s h\u00e1m pikirler beriw;<br \/>\n3. 5. 14. Paydalan\u0131wsh\u0131lard\u0131\u0144 oray q\u00e1nigeleri t\u00e1repinen huq\u0131qlar\u0131 ayaq ast\u0131 etilgen t\u00e1\u01f5dirde, huq\u0131qt\u0131 qor\u01f5aw m\u00e1kemelerine shaq\u0131r\u0131q etiw;<br \/>\n3. 6. Oraydan m\u00famkinshiligi sheklengen paydalan\u0131wsh\u0131lard\u0131\u0144 paydalan\u0131w huq\u0131qlar\u0131 :<br \/>\n3. 6. 1. Oray fond\u0131nda\u01f5\u0131 \u00e1meldegi barl\u0131q tillerdegi \u00e1debiyat\/hujjetlerden paydalan\u0131w yamasa kitapxanalaral\u0131q abonement arqal\u0131 buy\u0131rtpa beriw;<br \/>\n3. 6. 2. Oray imarat\u0131na kelip paydalan\u0131w m\u00famkinshiligi bolmasa, jasap at\u0131r\u01f5an ayma\u01f5\u0131na jaq\u0131n or\u0131nda jaylasqan m\u00e1limleme-kitapxana oray\u0131 x\u0131zmetlerinen \u00fayden sh\u0131qpa\u01f5an halda paydalan\u0131w h\u00e1m de oray q\u00e1nigeleri t\u00e1repinen k\u00f3shpeli kitapxana x\u0131zmeti arqal\u0131 paydalan\u0131wsh\u0131 soraw\u0131na k\u00f3re xizmet k\u00f3rsetiw;<br \/>\n3. 6. 3. \u00d3zbekstan Qaharman\u0131, I h\u00e1m II d\u00e1rejeli \u201cDa\u0144q h\u00e1m ataq\u201d ordeni iyeleri, I h\u00e1m II d\u00e1rejedegi may\u0131plar, ur\u0131s qatnas\u0131wsh\u0131lar\u0131, \u00e1skeriy h\u00e1reketler \u00e1q\u0131betinde may\u0131p bol\u01f5an shaxslar\u01f5a gezeksiz kitapxana x\u0131zmetlerin k\u00f3rsetiw;<br \/>\n3. 6. 4. Paydalan\u0131wsh\u0131lard\u0131\u0144 kem ushraytu\u01f5\u0131n, kem ushraytu\u01f5\u0131n h\u00e1m b\u00f3lek m\u00e1nige iye baspalardan z\u00e1r\u00farligine qarap maqsetli j\u00f3nelislerde paydalan\u0131w (oray bassh\u0131s\u0131na jazba t\u00farde bildiriw xat\u0131 arqal\u0131 );<br \/>\n3. 6. 5. Oray t\u00e1repinen \u00f3tkeriletu\u01f5\u0131n m\u00e1limleme-\u01f5alabal\u0131q ilajlarda qatnas\u0131w.<br \/>\n\u0131v. Paydalan\u0131wsh\u0131lard\u0131\u0144 minnetlemeleri<br \/>\n4. 1. Paydalan\u0131wsh\u0131lar bul oraydan paydalan\u0131w qa\u01f5\u0131ydalar\u0131na \u00e1mel q\u0131l\u0131w\u0131 sh\u00e1rt.<br \/>\n4. 2. Paydalan\u0131wsh\u0131 dizimnen \u00f3tiw waqt\u0131nda Oraydan paydalan\u0131w qa\u01f5\u0131ydalar\u0131 menen tan\u0131s\u0131w\u0131 z\u00e1r\u00far.<br \/>\n4. 3. Paydalan\u0131wsh\u0131lard\u0131\u0144 jeke ma\u01f5l\u0131wmatlar\u0131nda \u00f3zgerisler (jasaw jay\u0131, familiyas\u0131 ) j\u00faz bergen t\u00e1\u01f5dirde Oray q\u00e1nigesine ma\u01f5l\u0131wmat beriwi kerek.<br \/>\n4. 4. Oray paydalan\u0131wsh\u0131s\u0131n\u0131\u0144 minnetlemeleri:<br \/>\n4. 4. 1. Oray q\u00e1nigelerine sal\u0131st\u0131r\u01f5anda kishi peyil h\u00e1m dos s\u0131pat\u0131nda mun\u00e1sebette bol\u0131w\u0131 kerek.<br \/>\n4. 4. 2. Paydalan\u0131wsh\u0131 soraw\u0131na tiykarlan\u0131p qab\u0131l etip al\u01f5an \u00e1debiyat\/h\u00fajjetti n\u00e1zerden keshiriwi h\u00e1m qandayda bir kemshilik an\u0131qlan\u01f5an t\u00e1\u01f5dirde oray q\u00e1nigesine bul haqq\u0131nda xabar beriwi kerek. Keri ja\u01f5dayda bul \u00e1debiyat\/hujjetke jetkizilgen z\u0131yan\u01f5a juwapker esaplanad\u0131.<br \/>\n4. 4. 3. Oray fond\u0131nan al\u0131n\u01f5an \u00e1debiyat\/hujjet, t\u00farli ma\u01f5l\u0131wmat tas\u0131wsh\u0131lar arqal\u0131 paydalan\u0131w ush\u0131n al\u0131n\u01f5an qur\u0131lmalar, diskler h\u00e1m ta\u01f5\u0131 basqalardan \u0131qt\u0131yatl\u0131q penen paydalan\u0131w\u0131 kerek.<br \/>\n4. 4. 4. Paydalan\u0131wsh\u0131 oray fond\u0131nan al\u01f5an \u00e1debiyat\/hujjetlerdi belgilengen m\u00faddetlerde qaytar\u0131w\u0131 yamasa uzayt\u0131l\u0131w\u0131 m\u00famkin. Paydalan\u0131w waqt\u0131n uzayt\u0131w boy\u0131nsha oray q\u00e1nigesin eskertiwi sh\u00e1rt.<br \/>\n4. 4. 5. Oq\u0131w zallar\u0131nan sh\u0131\u01f5\u0131w waqt\u0131nda paydalan\u0131w ush\u0131n al\u0131n\u01f5an \u00e1debiyat\/h\u00fajjetler oray q\u00e1nigelerine taps\u0131r\u0131lad\u0131 yamasa ash\u0131q fondlardan al\u0131n\u01f5an bolsa jay\u0131na qayta qoy\u0131p qoy\u0131w\u0131 m\u00famkin.<br \/>\n4. 4. 6. Oq\u0131w zallar\u0131nda paydalan\u0131w ush\u0131n al\u0131n\u01f5an \u00e1debiyat\/h\u00fajjetlerdi al\u0131p sh\u0131\u01f5\u0131w h\u00e1m basqa zallar\u01f5a \u00f3tip paydalan\u0131w\u01f5a jol qoy\u0131lmayd\u0131 h\u00e1m de kitapt\u0131 j\u00faritiw, qandayda bir belgi\/s\u0131z\u0131q qoy\u0131w, betlerin b\u00faklew qada\u01f5an etiledi.<br \/>\n4. 4. 7. Ash\u0131q fondlarda\u01f5\u0131 kitaplard\u0131\u0144 jaylas\u0131w rejimin buz\u0131w, katalog h\u00e1m kartoteka kartochkalar\u0131na z\u0131yan jetkiziw h\u00e1m de olard\u0131 al\u0131p taslaw m\u00famkin emes.<br \/>\n4. 4. 8. Oray ayma\u01f5\u0131nda shawq\u0131m k\u00f3termeslik, t\u0131n\u0131shl\u0131qt\u0131 saqlaw, tazal\u0131q qa\u01f5\u0131ydalar\u0131na \u00e1mel etiw talap etiledi.<br \/>\n4. 4. 9. Oray fond\u0131nan al\u0131n\u01f5an h\u00fajjetler yamasa materiallard\u0131 jo\u01f5altqan h\u00e1m olar orn\u0131n tolt\u0131r\u0131p bolmaytu\u01f5\u0131n d\u00e1rejede z\u0131yan jetkizgen puqaralar, k\u00e1rxana, m\u00e1keme h\u00e1m sh\u00f3lkemler oray direktor\u0131 t\u00e1repinen belgilengen h\u00fajjet h\u00e1m materiallar yamasa olard\u0131\u0144 nusqas\u0131 menen almast\u0131r\u0131w, almast\u0131r\u0131w m\u00famkin bolma\u01f5an ja\u01f5dayda olar ma`nisini\u0144 10 ese mu\u01f5dar\u0131nda qaplap beriwge m\u00e1jb\u00far. (\u00d3zbekstan Respublikas\u0131 ministrler M\u00e1kemesini\u0144 2002 j\u0131l 18 yanvarda\u01f5\u0131 \u201cNotariuslerdi\u0144 atqar\u0131w xatlar\u0131na tiykarlan\u0131p qar\u0131zd\u0131 \u00f3ndiriw s\u00f3zsiz \u00e1melge as\u0131rilatu\u01f5\u0131n h\u00fajjetler dizimin tast\u0131y\u0131qlaw tuwr\u0131s\u0131\u201dnda\u01f5\u0131 26-san sheshimini\u0144 vIII-b\u00e1nti: Kitapxanalard\u0131\u0144 talapnamalar\u0131 boy\u0131nsha qaytar\u0131lma\u01f5an kitaplar, basqa baspa d\u00f3retpeler h\u00e1m kitapxanalar rezervinen al\u0131n\u01f5an \u00f3zge materiallar ush\u0131n qar\u0131zd\u0131 \u00f3ndiriw). Bul mu\u01f5dar joyt\u0131l\u01f5an yamasa jarams\u0131z ja\u01f5day\u01f5a keltirilgen h\u00fajjetti\u0144 ma`nisinen kelip sh\u0131\u01f5\u0131p h\u00e1m \u00e1meldegi n\u0131zaml\u0131 h\u00fajjetlerge t\u0131ykarlan\u0131p oray q\u00e1nigeleri yamasa qos\u0131l\u01f5an q\u00e1nigeler t\u00e1repinen belgilenedi.<br \/>\n4. 4. 10. Oray ayma\u01f5\u0131nda paydalan\u0131wsh\u0131lar jeke mobil qur\u0131lmalar\u0131n daw\u0131ss\u0131z ja\u01f5day\u01f5a \u00f3tkerip kiriwleri talap etiledi.<br \/>\n4. 4. 11. Texnika t\u00e1rtip qa\u01f5\u0131ydalar\u0131na \u00e1mel q\u0131l\u0131w sh\u00e1rt.<br \/>\n4. 4. 12. Oray ayma\u01f5\u0131na ishimlik suw\u0131, gazli ishimlikler menen kiriw qada\u01f5an etiledi. Z\u00e1r\u00farlik payda bol\u01f5anda, oray qor\u0131qsh\u0131lar\u0131 t\u00e1repinen ishimlikti arnawl\u0131 tekseriwden \u00f3tkergennen keyin ruxsat beriledi.<br \/>\n4. 4. 13. Shaxs\u0131y buy\u0131mlard\u0131 oray jum\u0131ssh\u0131s\u0131n\u0131\u0144 qada\u01f5alaw\u0131 joq ayma\u01f5\u0131nda ash\u0131qtan-ash\u0131q taslap ketpew h\u00e1m arnawl\u0131 buy\u0131mlar saqlaw ush\u0131n m\u00f3lsherlengen or\u0131nda qald\u0131r\u0131w z\u00e1r\u00far.<br \/>\n4. 4. 14. Oray ayma\u01f5\u0131na m\u00e1s ja\u01f5dayda keliw h\u00e1m oray imarat\u0131nda chegiw qata\u0144 t\u00farde qada\u01f5an etiledi.<br \/>\nV. Oq\u0131w zallar\u0131nan paydalan\u0131w t\u00e1rtibi<br \/>\n5. 1. X\u0131zmet k\u00f3rsetiw zallar\u0131na paydalan\u0131wsh\u0131lard\u0131\u0144 \u00fastki kiyim, jeke sumkalar menen kiriwi qada\u01f5an etiledi. \u00dastki kiyim h\u00e1m menshiklerdi oray ayma\u01f5\u0131nda saqlaw ush\u0131n aj\u0131rat\u0131l\u01f5an arnawl\u0131 jay (garderob) da qald\u0131r\u0131w talap etiledi.<br \/>\n5. 2. Oq\u0131w zallar\u0131nda \u00e1debiyat\/h\u00fajjetlerdi\u0144 beriliwi Oray\u01f5a a\u01f5za bol\u01f5an paydalan\u0131wsh\u0131lar\u01f5a beriledi h\u00e1m k\u0131tapqumar formulyar\u0131na \u00e1debiyat\/h\u00fajjetti qab\u0131l etip al\u01f5an s\u00e1nesi h\u00e1m jeke qol\u0131 menen belgilewler etiledi. Bir m\u00e1rtelik paydalan\u0131w ush\u0131n kelgen paydalan\u0131wsh\u0131lar\u01f5a shaxs\u0131n tast\u0131y\u0131qlaytu\u01f5\u0131n h\u00fajjet arqal\u0131 \u00e1debiyat\/h\u00fajjetler beriledi.<br \/>\n5. 3. Oray fond\u0131nda\u01f5\u0131 \u00e1meldegi bol\u01f5an kitap, jurnal, gazeta, qandayda bir h\u00fajjetten kesip al\u0131n\u01f5an b\u00f3lek h\u00e1m basqa baspal\u0131 baspalar paydalan\u0131wsh\u0131lar t\u00e1repinen al\u0131p kirilmeydi. Oray fond\u0131nda\u01f5\u0131 \u00e1meldegi bolma\u01f5an paydalan\u0131wsh\u0131lard\u0131\u0144 jeke kitaplar\u0131na oray q\u00e1nigesi t\u00e1repinen qa\u01f5az\/blanka jab\u0131st\u0131r\u0131l\u01f5annan keyin kiritiliwi m\u00famkin. Qa\u01f5az\/blanka\u01f5a \u00e1debiyat\/h\u00fajjetlerdi al\u0131p kiriw s\u00e1nesi jaz\u0131lad\u0131 h\u00e1m m\u00f3r bas\u0131lad\u0131.<br \/>\n5. 4. Oq\u0131w zallar\u0131nan paydalan\u0131w qa\u01f5\u0131ydalar\u0131 buz\u0131l\u01f5an t\u00e1\u01f5dirde, paydalan\u0131wsh\u0131lar basqarma t\u00e1repinen belgilengen m\u00faddetke Oraydan paydalan\u0131w huq\u0131q\u0131nan ayr\u0131l\u0131w\u0131 m\u00famkin.<br \/>\n5. 5. Paydalan\u0131wsh\u0131lar t\u00e1repinen \u00e1debiyat\/h\u00fajjetler m\u00e1lim m\u00faddet\/waq\u0131tqa uslap tur\u0131w\u0131 (bron) m\u00famkin.<br \/>\n5. 6. Orayd\u0131\u0144 k\u00fanlik jum\u0131s waqt\u0131 tamam bol\u0131w\u0131na 30 minut qal\u01f5anda oq\u0131w zallar\u0131nda paydalan\u0131w ush\u0131n berilgen oray fond\u0131nda\u01f5\u0131 \u00e1debiyat\/h\u00fajjetler q\u00e1nigelerge taps\u0131r\u0131lad\u0131.<br \/>\nvI. Oray ayma\u01f5\u0131nda kompyuterden paydalan\u0131w qa\u01f5\u0131ydalar\u0131<br \/>\n6. 1. Paydalan\u0131wsh\u0131lar\u01f5a kompyuter \u00faskenelerinen kompyuterlesken arnawl\u0131 or\u0131nlarda paydalan\u0131w\u01f5a ruxsat etiledi.<br \/>\n6. 2. Oq\u0131w zallar\u0131na paydalan\u0131wsh\u0131lar t\u00e1repinen jeke kompyuter qur\u0131lmalar\u0131 h\u00e1m naushniklerdi al\u0131p kiriwge ruxsat etiledi.<br \/>\n6. 3. Paydalan\u0131wsh\u0131n\u0131\u0144 jeke ma\u01f5l\u0131wmat tas\u0131w apparat\u0131 oray q\u00e1nigesi t\u00e1repinen arnawl\u0131 tekseriw (virus an\u0131qlawsh\u0131 programma ) den \u00f3tkerilgennen keyin elektron ma\u01f5l\u0131wmattan nusqa k\u00f3shiriwge ruxsat etiledi.<br \/>\n6. 4. Paydalan\u0131wsh\u0131 kiriwi qada\u01f5an etilgen ma\u01f5l\u0131wmat d\u00e1rekleri dizimi (ekstremistik, pornografik h\u00e1m basq.) menen tan\u0131sqanl\u0131\u01f5\u0131n jeke qol\u0131 menen tast\u0131y\u0131qlaw\u0131 sh\u00e1rt. Egerde bul dereklerden paydalan\u0131w\u01f5a ur\u0131nsa, bul ja\u01f5dayda \u00fash ay m\u00faddetke oray ayma\u01f5\u0131nda\u01f5\u0131 kompyuterden paydalan\u0131w huq\u0131q\u0131 sheklep qoy\u0131lad\u0131.<br \/>\n6. 5. Paydalan\u0131wsh\u0131lar\u01f5a kompyuter h\u00e1m kataloglardan paydalan\u0131w waqt\u0131nda t\u00f3mendegiler qada\u01f5an etiledi:<br \/>\n6. 5. 1. Kompyuter qur\u0131lmalar\u0131na q\u00e1legen programmalard\u0131 ornat\u0131w ;<br \/>\n6. 5. 2. Kompyuter oy\u0131nlar\u0131n oynaw ;<br \/>\n6. 5. 3. Onlayn baylan\u0131s chatlar\u0131nan paydalan\u0131w ;<br \/>\n6. 5. 4. Kompyuterler h\u00e1m basqa texnikal\u0131q qurallardan kitapxanada x\u0131zmet<br \/>\nk\u00f3rsetiw procesine baylan\u0131sl\u0131 bolma\u01f5an maqsetlerde paydalan\u0131w ;<br \/>\n6. 5. 5. Kompyuterlerde buz\u0131l\u0131w baqlan\u01f5an t\u00e1\u01f5dirde \u00f3z bas\u0131mshal\u0131q penen o\u0144law.<br \/>\nvII. Orayd\u0131\u0144 huq\u0131q h\u00e1m minnetlemeleri<\/p>\n<p>Orayd\u0131\u0144 minnetlemeleri:<\/p>\n<p>7. 1. Paydalan\u0131wsh\u0131lard\u0131 orayda\u01f5\u0131 h\u00e1m onnan s\u0131rtta\u01f5\u0131 barl\u0131q ma\u01f5l\u0131wmat resurslar\u0131nan paydalan\u0131w ush\u0131n m\u00famkinshilik jarat\u0131w;<br \/>\n7. 2. Paydalan\u0131wsh\u0131lard\u0131\u0144 m\u00fat\u00e1jliklerin \u00fayreniw h\u00e1m tol\u0131q or\u0131nlaw\u01f5a erisiw;<br \/>\n7. 3. Kitapxanash\u0131l\u0131q, bibliografik, m\u00e1limleme-xabar x\u0131zmetin k\u00f3rsetiwdi jetilistiriw, bul maqsetlerde paydalan\u0131wsh\u0131lar menen jeke t\u00e1rtipte h\u00e1m gruppalar boy\u0131nsha jum\u0131s al\u0131p bar\u0131wd\u0131\u0144 t\u00farli us\u0131llar\u0131nan paydalan\u0131w;<br \/>\n7. 4. Paydalan\u0131wsh\u0131lar\u01f5a joqar\u0131 m\u00e1deniy h\u00e1m t\u00e1jiriybeli x\u0131zmet k\u00f3rsetiwdi t\u00e1miyinlew, z\u00e1r\u00far h\u00fajjet\/materiallard\u0131 izlep tab\u0131w h\u00e1m al\u0131wda kerekli j\u00e1rdem k\u00f3rsetiw;<br \/>\n7. 5. Paydalan\u0131wsh\u0131lard\u0131\u0144 q\u0131z\u0131\u01f5\u0131wsh\u0131l\u0131qlar\u0131 h\u00e1m ma\u01f5l\u0131wmatlar\u01f5a bol\u01f5an m\u00fat\u00e1jliklerin \u00fayreniw tiykar\u0131nda t\u00farli dereklerdegi ma\u01f5l\u0131wmat resurslar\u0131n bergen halda siyasiy gruppalast\u0131r\u0131l\u01f5an kitapxana &#8211; m\u00e1limleme x\u0131zmeti k\u00f3rsetiwdi \u00e1melge as\u0131r\u0131w;<br \/>\n7. 6. Orayd\u0131\u0144 m\u00e1limleme-kitapxana fond\u0131n katalog, kartotekalar h\u00e1m de zamanag\u00f3y q\u0131d\u0131r\u0131w sistemalar\u0131 arqal\u0131 ash\u0131p beriw;<br \/>\n&#8211; Q\u0131d\u0131r\u0131w programmalar\u0131n \u00fazliksiz islep tur\u0131w\u0131n t\u00e1miyinlew;<br \/>\n&#8211; Paydalan\u0131wsh\u0131lar\u01f5a q\u0131d\u0131r\u0131w programmalar\u0131nan paydalan\u0131w maydan\u0131nan k\u00f3rsetpe beriw.<br \/>\n7. 7. Paydalan\u0131wsh\u0131 t\u00e1repinen so&#8217;ralgan \u00e1debiyat\/h\u00fajjet orayd\u0131\u0144 m\u00e1limleme-kitapxana fond\u0131nda bolmasa, kitapxanalararal\u0131q abonement arqal\u0131 sorawd\u0131 \u00e1melge as\u0131r\u0131w.<br \/>\n7. 8. \u01f4alabal\u0131q il\u00e1jlard\u0131 zaman talaplar\u0131na say t\u00farde sh\u00f3lkemlestiriw h\u00e1m \u00f3tkeriw.<br \/>\n7. 9. Orayd\u0131\u0144 x\u0131zmet k\u00f3rsetiw sapas\u0131n jaqs\u0131law, oray fondlar\u0131 h\u00e1m k\u00f3rsetiletu\u01f5\u0131n x\u0131zmetlerin reklama q\u0131l\u0131w, paydalan\u0131wsh\u0131lard\u0131\u0144 m\u00fat\u00e1jliklerin \u00fayreniw h\u00e1m olard\u0131\u0144 tiykar\u01f5\u0131 talaplar\u0131na muwap\u0131q ja\u0144a x\u0131zmetler sh\u00f3lkemlestiriw.<\/p>\n<p>&nbsp;<\/p>\n<p>Orayd\u0131\u0144 huq\u0131qlar\u0131:<\/p>\n<p>7. 10. Orayd\u0131\u0144 huq\u0131qlar\u0131 joqar\u0131 tur\u0131wsh\u0131 sh\u00f3lkem arqal\u0131 tikkeley kelisiledi h\u00e1m tast\u0131y\u0131qlanad\u0131.<br \/>\n7. 11. Q\u0131mbat bahal\u0131, kem ushraytu\u01f5\u0131n h\u00e1m qoljazba baspalard\u0131 k\u00f3rgizbege qoy\u0131w, paydalan\u0131w h\u00e1m nusqa k\u00f3beytiwde sheklewler belgilew;<br \/>\n7. 12. Bul qa\u01f5\u0131yda\u01f5a tiykarlan\u0131p oray materiall\u0131q bayl\u0131qlar\u0131, \u00faskene, kitaplar h\u00e1m ta\u01f5\u0131 basqalar\u01f5a paydalan\u0131wsh\u0131lar t\u00e1repinen jetkizilgen ziyanlard\u0131 qaplaw mu\u01f5dar\u0131n belgilep qoy\u0131w ;<br \/>\n7. 13. Paydalan\u0131wsh\u0131lar\u01f5a oray fond\u0131nan berilgen h\u00fajjetlerdi waqt\u0131nda qaytar\u0131l\u0131w\u0131n baqlaw ;<br \/>\n7. 14. Yuridikal\u0131q h\u00e1m fizikal\u0131q shaxslar menen maqsetli sh\u00e1rtnamalar d\u00faziwde oray fond\u0131nan paydalan\u0131w sh\u00e1rtlerin belgilep al\u0131w.<\/p>","protected":false},"excerpt":{"rendered":"<p>Ppaydalan\u0131w qa\u01f5\u0131ydas\u0131 I. Ul\u0131wma qa\u01f5\u0131ydalar 1. 1. Qaraqalpaqstan Respublikas\u0131 Qara\u00f3zek rayon\u0131 M\u00e1limleme-kitapxana oray\u0131 (keyingi tekstte &#8211; Oray) demokratiyal\u0131q adamgershilik, ul\u0131wma&#8230;<\/p>\n","protected":false},"author":1,"featured_media":0,"parent":0,"menu_order":0,"comment_status":"closed","ping_status":"closed","template":"","meta":{"footnotes":""},"class_list":["post-1370","page","type-page","status-publish","hentry"],"_links":{"self":[{"href":"https:\/\/taxtalib.uz\/uz\/wp-json\/wp\/v2\/pages\/1370","targetHints":{"allow":["GET"]}}],"collection":[{"href":"https:\/\/taxtalib.uz\/uz\/wp-json\/wp\/v2\/pages"}],"about":[{"href":"https:\/\/taxtalib.uz\/uz\/wp-json\/wp\/v2\/types\/page"}],"author":[{"embeddable":true,"href":"https:\/\/taxtalib.uz\/uz\/wp-json\/wp\/v2\/users\/1"}],"replies":[{"embeddable":true,"href":"https:\/\/taxtalib.uz\/uz\/wp-json\/wp\/v2\/comments?post=1370"}],"version-history":[{"count":5,"href":"https:\/\/taxtalib.uz\/uz\/wp-json\/wp\/v2\/pages\/1370\/revisions"}],"predecessor-version":[{"id":2893,"href":"https:\/\/taxtalib.uz\/uz\/wp-json\/wp\/v2\/pages\/1370\/revisions\/2893"}],"wp:attachment":[{"href":"https:\/\/taxtalib.uz\/uz\/wp-json\/wp\/v2\/media?parent=1370"}],"curies":[{"name":"wp","href":"https:\/\/api.w.org\/{rel}","templated":true}]}}