{"id":3509,"date":"2025-03-17T13:03:14","date_gmt":"2025-03-17T10:03:14","guid":{"rendered":"https:\/\/taxtalib.uz\/?page_id=3509"},"modified":"2025-03-17T13:09:04","modified_gmt":"2025-03-17T10:09:04","slug":"hujjetlerdi-raqamlastiriw","status":"publish","type":"page","link":"https:\/\/taxtalib.uz\/ru\/hujjetlerdi-raqamlastiriw\/","title":{"rendered":"(\u049a\u0430\u0440\u0430\u049b\u0430\u043b\u043f\u0430\u049b\u0448\u0430) H\u00fajjetlerdi raqamlast\u0131r\u0131w"},"content":{"rendered":"<p class=\"qtranxs-available-languages-message qtranxs-available-languages-message-ru\">\u0418\u0437\u0432\u0438\u043d\u0438\u0442\u0435, \u044d\u0442\u043e\u0442 \u0442\u0435\u0445\u0442 \u0434\u043e\u0441\u0442\u0443\u043f\u0435\u043d \u0442\u043e\u043b\u044c\u043a\u043e \u0432 &ldquo;<a href=\"https:\/\/taxtalib.uz\/qq\/wp-json\/wp\/v2\/pages\/3509\" class=\"qtranxs-available-language-link qtranxs-available-language-link-qq\" title=\"\u049a\u0430\u0440\u0430\u049b\u0430\u043b\u043f\u0430\u049b\u0448\u0430\">\u049a\u0430\u0440\u0430\u049b\u0430\u043b\u043f\u0430\u049b\u0448\u0430<\/a>&rdquo;.<\/p>","protected":false},"excerpt":{"rendered":"<p>\u0418\u0437\u0432\u0438\u043d\u0438\u0442\u0435, \u044d\u0442\u043e\u0442 \u0442\u0435\u0445\u0442 \u0434\u043e\u0441\u0442\u0443\u043f\u0435\u043d \u0442\u043e\u043b\u044c\u043a\u043e \u0432 &ldquo;\u049a\u0430\u0440\u0430\u049b\u0430\u043b\u043f\u0430\u049b\u0448\u0430&rdquo;.<\/p>\n","protected":false},"author":1,"featured_media":3470,"parent":0,"menu_order":0,"comment_status":"closed","ping_status":"closed","template":"","meta":{"footnotes":""},"class_list":["post-3509","page","type-page","status-publish","has-post-thumbnail","hentry"],"_links":{"self":[{"href":"https:\/\/taxtalib.uz\/ru\/wp-json\/wp\/v2\/pages\/3509","targetHints":{"allow":["GET"]}}],"collection":[{"href":"https:\/\/taxtalib.uz\/ru\/wp-json\/wp\/v2\/pages"}],"about":[{"href":"https:\/\/taxtalib.uz\/ru\/wp-json\/wp\/v2\/types\/page"}],"author":[{"embeddable":true,"href":"https:\/\/taxtalib.uz\/ru\/wp-json\/wp\/v2\/users\/1"}],"replies":[{"embeddable":true,"href":"https:\/\/taxtalib.uz\/ru\/wp-json\/wp\/v2\/comments?post=3509"}],"version-history":[{"count":3,"href":"https:\/\/taxtalib.uz\/ru\/wp-json\/wp\/v2\/pages\/3509\/revisions"}],"predecessor-version":[{"id":3514,"href":"https:\/\/taxtalib.uz\/ru\/wp-json\/wp\/v2\/pages\/3509\/revisions\/3514"}],"wp:featuredmedia":[{"embeddable":true,"href":"https:\/\/taxtalib.uz\/ru\/wp-json\/wp\/v2\/media\/3470"}],"wp:attachment":[{"href":"https:\/\/taxtalib.uz\/ru\/wp-json\/wp\/v2\/media?parent=3509"}],"curies":[{"name":"wp","href":"https:\/\/api.w.org\/{rel}","templated":true}]}}