{"id":3500,"date":"2025-03-17T13:00:27","date_gmt":"2025-03-17T10:00:27","guid":{"rendered":"https:\/\/taxtalib.uz\/?page_id=3500"},"modified":"2025-03-20T07:46:34","modified_gmt":"2025-03-20T04:46:34","slug":"hujjetlerdi-elektron-forma%c7%b5a-aylandiriw-ushin-kerekli-hujjetler","status":"publish","type":"page","link":"https:\/\/taxtalib.uz\/ru\/hujjetlerdi-elektron-forma%c7%b5a-aylandiriw-ushin-kerekli-hujjetler\/","title":{"rendered":"(\u049a\u0430\u0440\u0430\u049b\u0430\u043b\u043f\u0430\u049b\u0448\u0430) H\u00fajjetlerdi elektron forma\u01f5a ayland\u0131r\u0131w ush\u0131n kerekli h\u00fajjetler"},"content":{"rendered":"<p class=\"qtranxs-available-languages-message qtranxs-available-languages-message-ru\">\u0418\u0437\u0432\u0438\u043d\u0438\u0442\u0435, \u044d\u0442\u043e\u0442 \u0442\u0435\u0445\u0442 \u0434\u043e\u0441\u0442\u0443\u043f\u0435\u043d \u0442\u043e\u043b\u044c\u043a\u043e \u0432 &ldquo;<a href=\"https:\/\/taxtalib.uz\/qq\/wp-json\/wp\/v2\/pages\/3500\" class=\"qtranxs-available-language-link qtranxs-available-language-link-qq\" title=\"\u049a\u0430\u0440\u0430\u049b\u0430\u043b\u043f\u0430\u049b\u0448\u0430\">\u049a\u0430\u0440\u0430\u049b\u0430\u043b\u043f\u0430\u049b\u0448\u0430<\/a>&rdquo;.<\/p>","protected":false},"excerpt":{"rendered":"<p>\u0418\u0437\u0432\u0438\u043d\u0438\u0442\u0435, \u044d\u0442\u043e\u0442 \u0442\u0435\u0445\u0442 \u0434\u043e\u0441\u0442\u0443\u043f\u0435\u043d \u0442\u043e\u043b\u044c\u043a\u043e \u0432 &ldquo;\u049a\u0430\u0440\u0430\u049b\u0430\u043b\u043f\u0430\u049b\u0448\u0430&rdquo;.<\/p>\n","protected":false},"author":1,"featured_media":3470,"parent":0,"menu_order":0,"comment_status":"closed","ping_status":"closed","template":"","meta":{"footnotes":""},"class_list":["post-3500","page","type-page","status-publish","has-post-thumbnail","hentry"],"_links":{"self":[{"href":"https:\/\/taxtalib.uz\/ru\/wp-json\/wp\/v2\/pages\/3500","targetHints":{"allow":["GET"]}}],"collection":[{"href":"https:\/\/taxtalib.uz\/ru\/wp-json\/wp\/v2\/pages"}],"about":[{"href":"https:\/\/taxtalib.uz\/ru\/wp-json\/wp\/v2\/types\/page"}],"author":[{"embeddable":true,"href":"https:\/\/taxtalib.uz\/ru\/wp-json\/wp\/v2\/users\/1"}],"replies":[{"embeddable":true,"href":"https:\/\/taxtalib.uz\/ru\/wp-json\/wp\/v2\/comments?post=3500"}],"version-history":[{"count":3,"href":"https:\/\/taxtalib.uz\/ru\/wp-json\/wp\/v2\/pages\/3500\/revisions"}],"predecessor-version":[{"id":3616,"href":"https:\/\/taxtalib.uz\/ru\/wp-json\/wp\/v2\/pages\/3500\/revisions\/3616"}],"wp:featuredmedia":[{"embeddable":true,"href":"https:\/\/taxtalib.uz\/ru\/wp-json\/wp\/v2\/media\/3470"}],"wp:attachment":[{"href":"https:\/\/taxtalib.uz\/ru\/wp-json\/wp\/v2\/media?parent=3500"}],"curies":[{"name":"wp","href":"https:\/\/api.w.org\/{rel}","templated":true}]}}