{"id":2795,"date":"2024-11-05T14:32:34","date_gmt":"2024-11-05T11:32:34","guid":{"rendered":"https:\/\/taxtalib.uz\/?page_id=2795"},"modified":"2026-01-14T13:21:46","modified_gmt":"2026-01-14T10:21:46","slug":"malimleme-kommunikatasiya-texnologiyalari-ham-sanlastiriw-xizmeti","status":"publish","type":"page","link":"https:\/\/taxtalib.uz\/ru\/malimleme-kommunikatasiya-texnologiyalari-ham-sanlastiriw-xizmeti\/","title":{"rendered":"(\u049a\u0430\u0440\u0430\u049b\u0430\u043b\u043f\u0430\u049b\u0448\u0430) Axborot-kommunikatsiya texnologiyalar\u0131 h\u00e1m sanlast\u0131r\u0131w x\u0131zmeti"},"content":{"rendered":"<p class=\"qtranxs-available-languages-message qtranxs-available-languages-message-ru\">\u0418\u0437\u0432\u0438\u043d\u0438\u0442\u0435, \u044d\u0442\u043e\u0442 \u0442\u0435\u0445\u0442 \u0434\u043e\u0441\u0442\u0443\u043f\u0435\u043d \u0442\u043e\u043b\u044c\u043a\u043e \u0432 &ldquo;<a href=\"https:\/\/taxtalib.uz\/qq\/wp-json\/wp\/v2\/pages\/2795\" class=\"qtranxs-available-language-link qtranxs-available-language-link-qq\" title=\"\u049a\u0430\u0440\u0430\u049b\u0430\u043b\u043f\u0430\u049b\u0448\u0430\">\u049a\u0430\u0440\u0430\u049b\u0430\u043b\u043f\u0430\u049b\u0448\u0430<\/a>&rdquo; \u0438 &ldquo;<a href=\"https:\/\/taxtalib.uz\/uz\/wp-json\/wp\/v2\/pages\/2795\" class=\"qtranxs-available-language-link qtranxs-available-language-link-uz\" title=\"\u040e\u0437\u0431\u0435\u043a\u0447\u0430\">\u040e\u0437\u0431\u0435\u043a\u0447\u0430<\/a>&rdquo;.<\/p>","protected":false},"excerpt":{"rendered":"<p>\u0418\u0437\u0432\u0438\u043d\u0438\u0442\u0435, \u044d\u0442\u043e\u0442 \u0442\u0435\u0445\u0442 \u0434\u043e\u0441\u0442\u0443\u043f\u0435\u043d \u0442\u043e\u043b\u044c\u043a\u043e \u0432 &ldquo;\u049a\u0430\u0440\u0430\u049b\u0430\u043b\u043f\u0430\u049b\u0448\u0430&rdquo; \u0438 &ldquo;\u040e\u0437\u0431\u0435\u043a\u0447\u0430&rdquo;.<\/p>\n","protected":false},"author":1,"featured_media":0,"parent":0,"menu_order":0,"comment_status":"closed","ping_status":"closed","template":"","meta":{"footnotes":""},"class_list":["post-2795","page","type-page","status-publish","hentry"],"_links":{"self":[{"href":"https:\/\/taxtalib.uz\/ru\/wp-json\/wp\/v2\/pages\/2795","targetHints":{"allow":["GET"]}}],"collection":[{"href":"https:\/\/taxtalib.uz\/ru\/wp-json\/wp\/v2\/pages"}],"about":[{"href":"https:\/\/taxtalib.uz\/ru\/wp-json\/wp\/v2\/types\/page"}],"author":[{"embeddable":true,"href":"https:\/\/taxtalib.uz\/ru\/wp-json\/wp\/v2\/users\/1"}],"replies":[{"embeddable":true,"href":"https:\/\/taxtalib.uz\/ru\/wp-json\/wp\/v2\/comments?post=2795"}],"version-history":[{"count":30,"href":"https:\/\/taxtalib.uz\/ru\/wp-json\/wp\/v2\/pages\/2795\/revisions"}],"predecessor-version":[{"id":4307,"href":"https:\/\/taxtalib.uz\/ru\/wp-json\/wp\/v2\/pages\/2795\/revisions\/4307"}],"wp:attachment":[{"href":"https:\/\/taxtalib.uz\/ru\/wp-json\/wp\/v2\/media?parent=2795"}],"curies":[{"name":"wp","href":"https:\/\/api.w.org\/{rel}","templated":true}]}}